{"id":133,"date":"2025-09-24T14:06:50","date_gmt":"2025-09-24T14:06:50","guid":{"rendered":"http:\/\/www.dcif.net\/beta\/?page_id=133"},"modified":"2025-10-08T06:25:09","modified_gmt":"2025-10-08T06:25:09","slug":"contact-us","status":"publish","type":"page","link":"https:\/\/www.dcif.net\/beta\/contact-us\/","title":{"rendered":"Contact Us"},"content":{"rendered":"\t\t<div data-elementor-type=\"wp-page\" data-elementor-id=\"133\" class=\"elementor elementor-133\">\n\t\t\t\t<div class=\"elementor-element elementor-element-7cbba30 e-con-full e-flex e-con e-parent\" data-id=\"7cbba30\" data-element_type=\"container\">\n\t\t\t\t<div class=\"elementor-element elementor-element-64edfb1 elementor-widget__width-inherit elementor-widget elementor-widget-Contact Us\" data-id=\"64edfb1\" data-element_type=\"widget\" data-widget_type=\"Contact Us.default\">\n\t\t\t\t<div class=\"elementor-widget-container\">\n\t\t\t\t\t<section class=\"whyjoin-sec pt-top contact-sec\">\r\n    <div class=\"bg-th banner-wrapper\">\r\n      <img decoding=\"async\" src=\"https:\/\/www.dcif.net\/beta\/wp-content\/themes\/blankslate\/assets\/images\/contact\/contact-banner.webp\" alt=\"Contact Banner\" class=\"w-100 animated-banner\">\r\n    <\/div>\r\n    <div class=\"container\">\r\n      <div class=\"row \">\r\n        <div class=\"col-12 col-md-12 col-lg-12\">\r\n          <div class=\"bg-white\">\r\n            <div class=\"contact-details \">\r\n              <div class=\"row justify-content-center\">\r\n                <h2 class=\"display-2\" data-aos=\"fade-right\">Nehmen Sie Kontakt mit uns auf<\/h2>\r\n                <div class=\"col-12 col-sm-7 col-md-7 col-lg-7\">\r\n                  <div class=\"add-lft\" data-aos=\"fade-right\">\r\n                      <h4 class=\"pb-3\">M\u00f6chten Sie mehr \u00fcber die Vorteile von Competitive Intelligence und market intelligence f\u00fcr Ihr Unternehmen erfahren?<\/h4>\n<h4 class=\"pb-3\">Oder m\u00f6chten Sie einfach nur mehr \u00fcber unsere Gemeinschaft von Fachleuten erfahren?<\/h4>\n<h4 class=\"pb-3 pb-sm-0\">Schreiben Sie uns! <br \/>\nWir freuen uns darauf, Sie kennenzulernen.<\/h4>                    \r\n                  <\/div>\r\n                <\/div>\r\n                <div class=\"col-12 col-sm-5 col-md-5 col-lg-5\">\r\n                  <div class=\"add-rght\" data-aos=\"fade-right\">\r\n                    <h4 class=\"pb-3 pb-sm-2\">\r\n                      <img decoding=\"async\" src=\"https:\/\/www.dcif.net\/beta\/wp-content\/themes\/blankslate\/assets\/images\/contact\/location-bl.svg\" alt=\"Location\" class=\"mr-1 mob-loc\">\r\n                      <a href=\"\" target=\"_blank\">deutsches competitive intelligence forum (DCIF) e.V.   Panoramastr. 55\/4  D - 73207 Plochingen<\/a>\r\n                    <\/h4>\r\n                    <h4>\r\n                      <img decoding=\"async\" src=\"https:\/\/www.dcif.net\/beta\/wp-content\/themes\/blankslate\/assets\/images\/contact\/email-bl.svg\" alt=\"Email\" class=\"mr-1 mob-loc\">\r\n                      <a href=\"mailto:info@dcif.net\">info@dcif.net<\/a>\r\n                    <\/h4> \r\n                    <ul class=\"socail-media\">\r\n                       <span>Follow us on<\/span>\r\n                      <!--  <a href=\"http:\/\/fb\" target=\"_blank\"> <img decoding=\"async\" src=\"https:\/\/www.dcif.net\/beta\/wp-content\/themes\/blankslate\/assets\/images\/contact\/fb-wh.svg\"  alt=\"Facebook\"><\/a>\r\n                      <a href=\"http:\/\/instagram\" target=\"_blank\"> <img decoding=\"async\" src=\"https:\/\/www.dcif.net\/beta\/wp-content\/themes\/blankslate\/assets\/images\/contact\/inst-wh.svg\"  alt=\"Instagram\"><\/a> -->\r\n                      <a href=\"https:\/\/www.linkedin.com\/company\/deutsches-competitive-intelligence-forum-dcif\/\" target=\"_blank\"> <img decoding=\"async\" src=\"https:\/\/www.dcif.net\/beta\/wp-content\/themes\/blankslate\/assets\/images\/contact\/ln-wh.svg\"  alt=\"LinkedIn\"><\/a>\r\n                    <\/ul>\r\n                  <\/div>\r\n                <\/div>\r\n              <\/div>\r\n            <\/div>\r\n          <\/div>\r\n        <\/div>\r\n      <\/div>\r\n    <\/div>\r\n  <\/section>\r\n  <section class=\"contactdot-sec\">\r\n    <div class=\"container\">\r\n      <div class=\"row justify-content-center\">\r\n        <div class=\"col-12 col-sm-12 col-md-12 col-lg-12\">\r\n          <!-- <div class=\"head-sec text-center\" data-aos=\"fade-up\">\r\n            <h2 class=\"txt-blck pb-3\">Unlock Your Competitive Advantage<\/h2>\r\n            <h4 >By joining the dcif, you gain access to a vibrant community of experts, offering you a seamlessly integrated platform to:<\/h4>\r\n          <\/div> -->\r\n        <\/div>\r\n      <\/div>\r\n      \r\n    <\/div>\r\n  <\/section>\r\n\r\n\t\t\t\t<\/div>\n\t\t\t\t<\/div>\n\t\t\t\t<\/div>\n\t\t\t\t<\/div>\n\t\t","protected":false},"excerpt":{"rendered":"<p>Nehmen Sie Kontakt mit uns auf M\u00f6chten Sie mehr \u00fcber die Vorteile von Competitive Intelligence und market intelligence f\u00fcr Ihr Unternehmen erfahren? Oder m\u00f6chten Sie einfach nur mehr \u00fcber unsere Gemeinschaft von Fachleuten erfahren? Schreiben Sie uns! Wir freuen uns darauf, Sie kennenzulernen. deutsches competitive intelligence forum (DCIF) e.V. Panoramastr. 55\/4 D &#8211; 73207 Plochingen <a href=\"https:\/\/www.dcif.net\/beta\/contact-us\/\" class=\"more-link\">&#8230;<span class=\"screen-reader-text\">  Contact Us<\/span><\/a><\/p>\n","protected":false},"author":1,"featured_media":0,"parent":0,"menu_order":0,"comment_status":"closed","ping_status":"closed","template":"templates\/contact-us.php","meta":{"_acf_changed":false,"footnotes":""},"class_list":["post-133","page","type-page","status-publish","hentry"],"acf":[],"_links":{"self":[{"href":"https:\/\/www.dcif.net\/beta\/wp-json\/wp\/v2\/pages\/133","targetHints":{"allow":["GET"]}}],"collection":[{"href":"https:\/\/www.dcif.net\/beta\/wp-json\/wp\/v2\/pages"}],"about":[{"href":"https:\/\/www.dcif.net\/beta\/wp-json\/wp\/v2\/types\/page"}],"author":[{"embeddable":true,"href":"https:\/\/www.dcif.net\/beta\/wp-json\/wp\/v2\/users\/1"}],"replies":[{"embeddable":true,"href":"https:\/\/www.dcif.net\/beta\/wp-json\/wp\/v2\/comments?post=133"}],"version-history":[{"count":16,"href":"https:\/\/www.dcif.net\/beta\/wp-json\/wp\/v2\/pages\/133\/revisions"}],"predecessor-version":[{"id":584,"href":"https:\/\/www.dcif.net\/beta\/wp-json\/wp\/v2\/pages\/133\/revisions\/584"}],"wp:attachment":[{"href":"https:\/\/www.dcif.net\/beta\/wp-json\/wp\/v2\/media?parent=133"}],"curies":[{"name":"wp","href":"https:\/\/api.w.org\/{rel}","templated":true}]}}